{"id":436,"date":"2021-10-27T18:11:49","date_gmt":"2021-10-27T15:11:49","guid":{"rendered":"https:\/\/www.suomendoulat.org\/?page_id=436"},"modified":"2025-06-09T08:45:36","modified_gmt":"2025-06-09T05:45:36","slug":"hallitus","status":"publish","type":"page","link":"https:\/\/www.suomendoulat.fi\/en\/hallitus\/","title":{"rendered":"Suomen Doulat ry | Board"},"content":{"rendered":"<div data-elementor-type=\"wp-page\" data-elementor-id=\"436\" class=\"elementor elementor-436\" data-elementor-post-type=\"page\">\n\t\t\t\t\n\t\t<section class=\"elementor-section elementor-top-section elementor-element elementor-element-8a68dc5 elementor-section-boxed elementor-section-height-default elementor-section-height-default\" data-id=\"8a68dc5\" data-element_type=\"section\" data-e-type=\"section\">\n\t\t\t\t\t\t<div class=\"elementor-container elementor-column-gap-default\">\n\t\t\t\t\t<div class=\"elementor-column elementor-col-100 elementor-top-column elementor-element elementor-element-20b4a84\" data-id=\"20b4a84\" data-element_type=\"column\" data-e-type=\"column\">\n\t\t\t<div class=\"elementor-widget-wrap elementor-element-populated\">\n\t\t\t\t\t\t<section class=\"elementor-section elementor-inner-section elementor-element elementor-element-e593b4f elementor-section-boxed elementor-section-height-default elementor-section-height-default\" data-id=\"e593b4f\" data-element_type=\"section\" data-e-type=\"section\">\n\t\t\t\t\t\t<div class=\"elementor-container elementor-column-gap-default\">\n\t\t\t\t\t<div class=\"elementor-column elementor-col-50 elementor-inner-column elementor-element elementor-element-d7b727f\" data-id=\"d7b727f\" data-element_type=\"column\" data-e-type=\"column\">\n\t\t\t<div class=\"elementor-widget-wrap elementor-element-populated\">\n\t\t\t\t\t\t<div class=\"elementor-element elementor-element-46fe6bd elementor-widget elementor-widget-text-editor\" data-id=\"46fe6bd\" data-element_type=\"widget\" data-e-type=\"widget\" data-widget_type=\"text-editor.default\">\n\t\t\t\t<div class=\"elementor-widget-container\">\n\t\t\t\t\t\t\t\t\t<p>Suomen Doulat ry valitsi uuden hallituksen lauantaina 10.5.2025<\/p><p>Hallitus sai monta uutta j\u00e4sent\u00e4, my\u00f6s kansainv\u00e4lisi\u00e4.<\/p><p>Rosalia Palazzo Pihlajasaari \u2013 puheenjohtaja<br \/>Sara Klaassen \u2013 varapuheenjohtaja<br \/>Skyla Pihlajasaari \u2013 sihteeri<br \/>Tiina Enoksson \u2013 rahastonhoitaja<br \/>Kai Lovi \u2013 mediavastava<br \/>Jutta Saanila \u2013 hallituksen j\u00e4sen<br \/>Maria Fern\u00e1ndez Sede\u00f1o \u2013 varaj\u00e4sen<\/p><p>Olemme innokkaita ja valmiina toimimaan seuraavan vuoden aikana selke\u00e4n suunnan l\u00f6yt\u00e4miseksi yhdistykselle ja doulatoiminnan n\u00e4kyvyyden edist\u00e4miseksi.<\/p>\t\t\t\t\t\t\t\t<\/div>\n\t\t\t\t<\/div>\n\t\t\t\t\t<\/div>\n\t\t<\/div>\n\t\t\t\t<div class=\"elementor-column elementor-col-50 elementor-inner-column elementor-element elementor-element-46199c8\" data-id=\"46199c8\" data-element_type=\"column\" data-e-type=\"column\">\n\t\t\t<div class=\"elementor-widget-wrap elementor-element-populated\">\n\t\t\t\t\t\t<div class=\"elementor-element elementor-element-cc4b05a elementor-widget elementor-widget-text-editor\" data-id=\"cc4b05a\" data-element_type=\"widget\" data-e-type=\"widget\" data-widget_type=\"text-editor.default\">\n\t\t\t\t<div class=\"elementor-widget-container\">\n\t\t\t\t\t\t\t\t\t<p>Suomen Doulat ry&#8217;s new board members were voted in on Saturday 10.5.2025<\/p><p>The board consists of many new members including international members.<\/p><p>Rosalia Palazzo Pihlajasaari \u2013 chairperson<br \/>Sara Klaassen \u2013 vice chairperson<br \/>Skyla Pihlajasaari \u2013 secretary<br \/>Tiina Enoksson \u2013 treasurer<br \/>Kai Lovi \u2013 media manager<br \/>Jutta Saanila \u2013 board member<br \/>Maria Fern\u00e1ndez Sede\u00f1o \u2013 reserve board member<\/p><p>We are excited and ready to serve for the next year to unify and create a clear vision that promotes all doulas.<\/p>\t\t\t\t\t\t\t\t<\/div>\n\t\t\t\t<\/div>\n\t\t\t\t\t<\/div>\n\t\t<\/div>\n\t\t\t\t\t<\/div>\n\t\t<\/section>\n\t\t\t\t\t<\/div>\n\t\t<\/div>\n\t\t\t\t\t<\/div>\n\t\t<\/section>\n\t\t\t\t<section class=\"elementor-section elementor-top-section elementor-element elementor-element-b6be4f4 elementor-section-boxed elementor-section-height-default elementor-section-height-default\" data-id=\"b6be4f4\" data-element_type=\"section\" data-e-type=\"section\">\n\t\t\t\t\t\t<div class=\"elementor-container elementor-column-gap-default\">\n\t\t\t\t\t<div class=\"elementor-column elementor-col-100 elementor-top-column elementor-element elementor-element-1e77d7a\" data-id=\"1e77d7a\" data-element_type=\"column\" data-e-type=\"column\">\n\t\t\t<div class=\"elementor-widget-wrap elementor-element-populated\">\n\t\t\t\t\t\t<div class=\"elementor-element elementor-element-5526edf elementor-widget elementor-widget-gallery\" data-id=\"5526edf\" data-element_type=\"widget\" data-e-type=\"widget\" data-settings=\"{&quot;columns&quot;:3,&quot;aspect_ratio&quot;:&quot;1:1&quot;,&quot;lazyload&quot;:&quot;yes&quot;,&quot;gallery_layout&quot;:&quot;grid&quot;,&quot;columns_tablet&quot;:2,&quot;columns_mobile&quot;:1,&quot;gap&quot;:{&quot;unit&quot;:&quot;px&quot;,&quot;size&quot;:10,&quot;sizes&quot;:[]},&quot;gap_tablet&quot;:{&quot;unit&quot;:&quot;px&quot;,&quot;size&quot;:10,&quot;sizes&quot;:[]},&quot;gap_mobile&quot;:{&quot;unit&quot;:&quot;px&quot;,&quot;size&quot;:10,&quot;sizes&quot;:[]},&quot;overlay_background&quot;:&quot;yes&quot;,&quot;content_hover_animation&quot;:&quot;fade-in&quot;}\" data-widget_type=\"gallery.default\">\n\t\t\t\t<div class=\"elementor-widget-container\">\n\t\t\t\t\t\t\t<div class=\"elementor-gallery__container\">\n\t\t\t\t\t\t\t<div class=\"e-gallery-item elementor-gallery-item elementor-animated-content\">\n\t\t\t\t\t<div class=\"e-gallery-image elementor-gallery-item__image\" data-thumbnail=\"https:\/\/www.suomendoulat.fi\/wp-content\/uploads\/2024\/05\/2-300x300.png\" data-width=\"300\" data-height=\"300\" aria-label=\"\" role=\"img\" ><\/div>\n\t\t\t\t\t\t\t\t\t\t\t<div class=\"elementor-gallery-item__overlay\"><\/div>\n\t\t\t\t\t\t\t\t\t\t\t\t\t\t<\/div>\n\t\t\t\t\t\t\t<div class=\"e-gallery-item elementor-gallery-item elementor-animated-content\">\n\t\t\t\t\t<div class=\"e-gallery-image elementor-gallery-item__image\" data-thumbnail=\"https:\/\/www.suomendoulat.fi\/wp-content\/uploads\/2023\/03\/3-1-300x300.png\" data-width=\"300\" data-height=\"300\" aria-label=\"\" role=\"img\" ><\/div>\n\t\t\t\t\t\t\t\t\t\t\t<div class=\"elementor-gallery-item__overlay\"><\/div>\n\t\t\t\t\t\t\t\t\t\t\t\t\t\t<\/div>\n\t\t\t\t\t\t\t<div class=\"e-gallery-item elementor-gallery-item elementor-animated-content\">\n\t\t\t\t\t<div class=\"e-gallery-image elementor-gallery-item__image\" data-thumbnail=\"https:\/\/www.suomendoulat.fi\/wp-content\/uploads\/2024\/05\/6-300x300.png\" data-width=\"300\" data-height=\"300\" aria-label=\"\" role=\"img\" ><\/div>\n\t\t\t\t\t\t\t\t\t\t\t<div class=\"elementor-gallery-item__overlay\"><\/div>\n\t\t\t\t\t\t\t\t\t\t\t\t\t\t<\/div>\n\t\t\t\t\t\t\t<div class=\"e-gallery-item elementor-gallery-item elementor-animated-content\">\n\t\t\t\t\t<div class=\"e-gallery-image elementor-gallery-item__image\" data-thumbnail=\"https:\/\/www.suomendoulat.fi\/wp-content\/uploads\/2021\/12\/4-300x300.png\" data-width=\"300\" data-height=\"300\" aria-label=\"\" role=\"img\" ><\/div>\n\t\t\t\t\t\t\t\t\t\t\t<div class=\"elementor-gallery-item__overlay\"><\/div>\n\t\t\t\t\t\t\t\t\t\t\t\t\t\t<\/div>\n\t\t\t\t\t\t\t<div class=\"e-gallery-item elementor-gallery-item elementor-animated-content\">\n\t\t\t\t\t<div class=\"e-gallery-image elementor-gallery-item__image\" data-thumbnail=\"https:\/\/www.suomendoulat.fi\/wp-content\/uploads\/2021\/12\/6-300x300.png\" data-width=\"300\" data-height=\"300\" aria-label=\"\" role=\"img\" ><\/div>\n\t\t\t\t\t\t\t\t\t\t\t<div class=\"elementor-gallery-item__overlay\"><\/div>\n\t\t\t\t\t\t\t\t\t\t\t\t\t\t<\/div>\n\t\t\t\t\t\t\t<div class=\"e-gallery-item elementor-gallery-item elementor-animated-content\">\n\t\t\t\t\t<div class=\"e-gallery-image elementor-gallery-item__image\" data-thumbnail=\"https:\/\/www.suomendoulat.fi\/wp-content\/uploads\/2021\/12\/7-300x300.png\" data-width=\"300\" data-height=\"300\" aria-label=\"\" role=\"img\" ><\/div>\n\t\t\t\t\t\t\t\t\t\t\t<div class=\"elementor-gallery-item__overlay\"><\/div>\n\t\t\t\t\t\t\t\t\t\t\t\t\t\t<\/div>\n\t\t\t\t\t\t\t<div class=\"e-gallery-item elementor-gallery-item elementor-animated-content\">\n\t\t\t\t\t<div class=\"e-gallery-image elementor-gallery-item__image\" data-thumbnail=\"https:\/\/www.suomendoulat.fi\/wp-content\/uploads\/2021\/12\/8-300x300.png\" data-width=\"300\" data-height=\"300\" aria-label=\"\" role=\"img\" ><\/div>\n\t\t\t\t\t\t\t\t\t\t\t<div class=\"elementor-gallery-item__overlay\"><\/div>\n\t\t\t\t\t\t\t\t\t\t\t\t\t\t<\/div>\n\t\t\t\t\t<\/div>\n\t\t\t\t\t<\/div>\n\t\t\t\t<\/div>\n\t\t\t\t\t<\/div>\n\t\t<\/div>\n\t\t\t\t\t<\/div>\n\t\t<\/section>\n\t\t\t\t<\/div>","protected":false},"excerpt":{"rendered":"<p>Suomen Doulat ry valitsi uuden hallituksen lauantaina 10.5.2025 Hallitus sai monta uutta j\u00e4sent\u00e4, my\u00f6s kansainv\u00e4lisi\u00e4. Rosalia Palazzo Pihlajasaari \u2013 puheenjohtajaSara Klaassen \u2013 varapuheenjohtajaSkyla Pihlajasaari \u2013 sihteeriTiina Enoksson \u2013 rahastonhoitajaKai Lovi \u2013 mediavastavaJutta Saanila \u2013 hallituksen j\u00e4senMaria Fern\u00e1ndez Sede\u00f1o \u2013 varaj\u00e4sen Olemme innokkaita ja valmiina toimimaan seuraavan vuoden aikana selke\u00e4n suunnan l\u00f6yt\u00e4miseksi yhdistykselle ja doulatoiminnan n\u00e4kyvyyden [&hellip;]<\/p>\n","protected":false},"author":1,"featured_media":0,"parent":0,"menu_order":0,"comment_status":"closed","ping_status":"closed","template":"","meta":{"_srk_meta_title":"","_srk_meta_description":"","_srk_robots_meta":[],"_srk_canonical_url":"","_srk_advanced_settings":[],"_srk_last_sync":0,"footnotes":""},"class_list":["post-436","page","type-page","status-publish","hentry"],"cubewp_post_meta":[],"taxonomies":[],"_links":{"self":[{"href":"https:\/\/www.suomendoulat.fi\/en\/wp-json\/wp\/v2\/pages\/436","targetHints":{"allow":["GET"]}}],"collection":[{"href":"https:\/\/www.suomendoulat.fi\/en\/wp-json\/wp\/v2\/pages"}],"about":[{"href":"https:\/\/www.suomendoulat.fi\/en\/wp-json\/wp\/v2\/types\/page"}],"author":[{"embeddable":true,"href":"https:\/\/www.suomendoulat.fi\/en\/wp-json\/wp\/v2\/users\/1"}],"replies":[{"embeddable":true,"href":"https:\/\/www.suomendoulat.fi\/en\/wp-json\/wp\/v2\/comments?post=436"}],"version-history":[{"count":0,"href":"https:\/\/www.suomendoulat.fi\/en\/wp-json\/wp\/v2\/pages\/436\/revisions"}],"wp:attachment":[{"href":"https:\/\/www.suomendoulat.fi\/en\/wp-json\/wp\/v2\/media?parent=436"}],"curies":[{"name":"wp","href":"https:\/\/api.w.org\/{rel}","templated":true}]}}